{"id":8801,"date":"2025-07-30T09:55:43","date_gmt":"2025-07-30T09:55:43","guid":{"rendered":"https:\/\/fatzorb.eu\/?post_type=product&#038;p=8801"},"modified":"2026-02-02T12:20:40","modified_gmt":"2026-02-02T12:20:40","slug":"lida-slimming-capsules","status":"publish","type":"product","link":"https:\/\/fatzorb.eu\/de\/produkt\/lida-slimming-capsules\/","title":{"rendered":"Lida Daidaihua Kapseln"},"content":{"rendered":"<p><strong>LiDa Daidaihua<\/strong><\/p>\n<p>Eines der meistverkauften Schlankheitsmittel. Es unterdr\u00fcckt sehr gut den Appetit und erh\u00f6ht den Stoffwechsel. Appetit ist nicht der einzige Grund, warum Menschen nicht abnehmen k\u00f6nnen. Der Hauptgrund ist, dass die Stoffwechselrate des K\u00f6rpers zu niedrig ist, um die t\u00e4glich aufgenommenen Kalorien rechtzeitig zu verbrennen, was zu einer Fettansammlung f\u00fchrt. LiDa Daidaihua nutzt den Mechanismus der Erh\u00f6hung des Stoffwechsels, um in K\u00f6rpergeweben gespeicherte Fettzellen effektiv zu verbrennen.<\/p>\n<p>Zutatenproportionsverh\u00e4ltnis: DaiDaihua-Extrakt 25% 70 mg, Job's-Tr\u00e4nen (Coicis-Extrakt) 15% 42 mg, Cassia-Samen 17% 47,6 mg, Maulbeerblattextrakt 13% 36,4 mg, medizinische St\u00e4rke 30% 84 mg.<\/p>\n<p>M\u00f6gliche Nebenwirkungen: Trockener Mund \u2013 Dies ist die h\u00e4ufigste Nebenwirkung der Schlankheitspille. Da der Stoffwechsel verbessert wird, ist es normal, viel Wasser zu trinken, um dies zu beheben. Schlafst\u00f6rungen \u2013 Die mit diesem Produkt verbundene erh\u00f6hte Energie kann bei manchen Menschen zu Schlafst\u00f6rungen f\u00fchren. Stellen Sie sicher, dass Sie die Pille 12-15 Stunden vor dem Schlafengehen einnehmen. Dies wird nach etwa zwei Wochen nachlassen.<\/p>\n<p>Dosierung und Anwendung: 1 Kapsel pro Tag vor oder nach dem Fr\u00fchst\u00fcck. Nehmen Sie nicht mehr Kapseln als empfohlen. Trinken Sie mehr Wasser und essen Sie mehr Obst, wenn Sie durstig sind (nicht genug reines Wasser im K\u00f6rper reduziert den Glukosespiegel im Blut, was Schw\u00e4che und Schwindel verursacht). \u00dcberspringen Sie keine Mahlzeiten (insbesondere das Fr\u00fchst\u00fcck und das Mittagessen). Es ist wichtig, eine gesunde und ausgewogene Ern\u00e4hrung beizubehalten, w\u00e4hrend Sie diese Pille einnehmen, einschlie\u00dflich von reinem Wasser und nat\u00fcrlichen S\u00e4ften. Konsumieren Sie keinen Alkohol. Dies kann die Wirksamkeit des Abnehmprozesses neutralisieren.<\/p>\n<p>Vorsichtsma\u00dfnahmen: Nicht f\u00fcr Personen unter 18 Jahren oder \u00fcber 60 Jahren geeignet. Nicht f\u00fcr schwangere oder stillende Frauen. Nehmen Sie keine Schlankheitskapseln ein, wenn Sie an hohem Blutdruck, Herz-Kreislauf-Erkrankungen oder Schlaganf\u00e4llen, Nieren- oder Leberfunktionsst\u00f6rungen leiden. Nehmen Sie dieses Produkt nicht ein, wenn Sie Medikamente (verschreibungspflichtig oder rezeptfrei) einnehmen.<\/p>","protected":false},"excerpt":{"rendered":"<p>Es besteht aus Extrakten verschiedener einzigartiger Kr\u00e4uter, die mit komplexen modernen Techniken verfeinert und gereinigt werden. Hergestellt mit der Zustimmung des GMP-Herstellungsstandards f\u00fcr staatliche Arzneimittel und Lebensmittel ist es sicher und hat keine Nebenwirkungen. Extrakte nat\u00fcrlicher Pflanzen ohne Nebenwirkungen, unterdr\u00fccken den Appetit auf nat\u00fcrliche Weise, ohne \u00fcberm\u00e4\u00dfige Di\u00e4ten. Schneller Gewichtsverlust (Gewichtsreduzierung bereits ab der ersten eingenommenen Kapsel).<\/p>","protected":false},"featured_media":8513,"comment_status":"open","ping_status":"closed","template":"","meta":{"om_disable_all_campaigns":false,"inline_featured_image":false,"_mi_skip_tracking":false},"product_cat":[15],"product_tag":[],"class_list":["post-8801","product","type-product","status-publish","has-post-thumbnail","hentry","product_cat-weight-loss"],"aioseo_notices":[],"_links":{"self":[{"href":"https:\/\/fatzorb.eu\/de\/wp-json\/wp\/v3\/product\/8801"}],"collection":[{"href":"https:\/\/fatzorb.eu\/de\/wp-json\/wp\/v3\/product"}],"about":[{"href":"https:\/\/fatzorb.eu\/de\/wp-json\/wp\/v2\/types\/product"}],"replies":[{"embeddable":true,"href":"https:\/\/fatzorb.eu\/de\/wp-json\/wp\/v2\/comments?post=8801"}],"version-history":[{"count":1,"href":"https:\/\/fatzorb.eu\/de\/wp-json\/wp\/v3\/product\/8801\/revisions"}],"predecessor-version":[{"id":8802,"href":"https:\/\/fatzorb.eu\/de\/wp-json\/wp\/v3\/product\/8801\/revisions\/8802"}],"wp:featuredmedia":[{"embeddable":true,"href":"https:\/\/fatzorb.eu\/de\/wp-json\/wp\/v2\/media\/8513"}],"wp:attachment":[{"href":"https:\/\/fatzorb.eu\/de\/wp-json\/wp\/v2\/media?parent=8801"}],"wp:term":[{"taxonomy":"product_cat","embeddable":true,"href":"https:\/\/fatzorb.eu\/de\/wp-json\/wp\/v2\/product_cat?post=8801"},{"taxonomy":"product_tag","embeddable":true,"href":"https:\/\/fatzorb.eu\/de\/wp-json\/wp\/v2\/product_tag?post=8801"}],"curies":[{"name":"wp","href":"https:\/\/api.w.org\/{rel}","templated":true}]}}