{"id":8799,"date":"2025-07-30T09:46:59","date_gmt":"2025-07-30T09:46:59","guid":{"rendered":"https:\/\/fatzorb.eu\/?post_type=product&#038;p=8799"},"modified":"2026-02-02T12:20:48","modified_gmt":"2026-02-02T12:20:48","slug":"3x-lida-slimming-capsules","status":"publish","type":"product","link":"https:\/\/fatzorb.eu\/de\/produkt\/3x-lida-slimming-capsules\/","title":{"rendered":"Lida Daidaihua Kapseln"},"content":{"rendered":"<p><strong>LiDa Daidaihua<\/strong><\/p>\n<p>one of the best selling weight loss supplements. Lida capsules is very good at suppressing appetite and increasing the metabolic rate, appetite is not the only reason why people can\u2019t lose weight, the main reason is that the body metabolic rate is too low to burn the calories taken every day in time, which causes an accumulation of fat. LiDa Daidaihua using the mechanism of increasing the metabolic rate, burn fat cells stored in body tissues effectively.<\/p>\n<p>Zutatenproportionsverh\u00e4ltnis: DaiDaihua-Extrakt 25% 70 mg, Job's-Tr\u00e4nen (Coicis-Extrakt) 15% 42 mg, Cassia-Samen 17% 47,6 mg, Maulbeerblattextrakt 13% 36,4 mg, medizinische St\u00e4rke 30% 84 mg.<\/p>\n<p>M\u00f6gliche Nebenwirkungen: Trockener Mund \u2013 Dies ist die h\u00e4ufigste Nebenwirkung der Schlankheitspille. Da der Stoffwechsel verbessert wird, ist es normal, viel Wasser zu trinken, um dies zu beheben. Schlafst\u00f6rungen \u2013 Die mit diesem Produkt verbundene erh\u00f6hte Energie kann bei manchen Menschen zu Schlafst\u00f6rungen f\u00fchren. Stellen Sie sicher, dass Sie die Pille 12-15 Stunden vor dem Schlafengehen einnehmen. Dies wird nach etwa zwei Wochen nachlassen.<\/p>\n<p>Dosierung und Anwendung: 1 Kapsel pro Tag vor oder nach dem Fr\u00fchst\u00fcck. Nehmen Sie nicht mehr Kapseln als empfohlen. Trinken Sie mehr Wasser und essen Sie mehr Obst, wenn Sie durstig sind (nicht genug reines Wasser im K\u00f6rper reduziert den Glukosespiegel im Blut, was Schw\u00e4che und Schwindel verursacht). \u00dcberspringen Sie keine Mahlzeiten (insbesondere das Fr\u00fchst\u00fcck und das Mittagessen). Es ist wichtig, eine gesunde und ausgewogene Ern\u00e4hrung beizubehalten, w\u00e4hrend Sie diese Pille einnehmen, einschlie\u00dflich von reinem Wasser und nat\u00fcrlichen S\u00e4ften. Konsumieren Sie keinen Alkohol. Dies kann die Wirksamkeit des Abnehmprozesses neutralisieren.<\/p>\n<p>Vorsichtsma\u00dfnahmen: Nicht f\u00fcr Personen unter 18 Jahren oder \u00fcber 60 Jahren geeignet. Nicht f\u00fcr schwangere oder stillende Frauen. Nehmen Sie keine Schlankheitskapseln ein, wenn Sie an hohem Blutdruck, Herz-Kreislauf-Erkrankungen oder Schlaganf\u00e4llen, Nieren- oder Leberfunktionsst\u00f6rungen leiden. Nehmen Sie dieses Produkt nicht ein, wenn Sie Medikamente (verschreibungspflichtig oder rezeptfrei) einnehmen.<\/p>","protected":false},"excerpt":{"rendered":"<p><strong>3 BOXES<\/strong><\/p>\n<p>Es besteht aus Extrakten verschiedener einzigartiger Kr\u00e4uter, die mit komplexen modernen Techniken verfeinert und gereinigt werden. Hergestellt mit der Zustimmung des GMP-Herstellungsstandards f\u00fcr staatliche Arzneimittel und Lebensmittel ist es sicher und hat keine Nebenwirkungen. Extrakte nat\u00fcrlicher Pflanzen ohne Nebenwirkungen, unterdr\u00fccken den Appetit auf nat\u00fcrliche Weise, ohne \u00fcberm\u00e4\u00dfige Di\u00e4ten. Schneller Gewichtsverlust (Gewichtsreduzierung bereits ab der ersten eingenommenen Kapsel).<\/p>","protected":false},"featured_media":8512,"comment_status":"open","ping_status":"closed","template":"","meta":{"om_disable_all_campaigns":false,"inline_featured_image":false,"_mi_skip_tracking":false},"product_cat":[15],"product_tag":[],"class_list":["post-8799","product","type-product","status-publish","has-post-thumbnail","hentry","product_cat-weight-loss"],"aioseo_notices":[],"_links":{"self":[{"href":"https:\/\/fatzorb.eu\/de\/wp-json\/wp\/v3\/product\/8799"}],"collection":[{"href":"https:\/\/fatzorb.eu\/de\/wp-json\/wp\/v3\/product"}],"about":[{"href":"https:\/\/fatzorb.eu\/de\/wp-json\/wp\/v2\/types\/product"}],"replies":[{"embeddable":true,"href":"https:\/\/fatzorb.eu\/de\/wp-json\/wp\/v2\/comments?post=8799"}],"version-history":[{"count":1,"href":"https:\/\/fatzorb.eu\/de\/wp-json\/wp\/v3\/product\/8799\/revisions"}],"predecessor-version":[{"id":8800,"href":"https:\/\/fatzorb.eu\/de\/wp-json\/wp\/v3\/product\/8799\/revisions\/8800"}],"wp:featuredmedia":[{"embeddable":true,"href":"https:\/\/fatzorb.eu\/de\/wp-json\/wp\/v2\/media\/8512"}],"wp:attachment":[{"href":"https:\/\/fatzorb.eu\/de\/wp-json\/wp\/v2\/media?parent=8799"}],"wp:term":[{"taxonomy":"product_cat","embeddable":true,"href":"https:\/\/fatzorb.eu\/de\/wp-json\/wp\/v2\/product_cat?post=8799"},{"taxonomy":"product_tag","embeddable":true,"href":"https:\/\/fatzorb.eu\/de\/wp-json\/wp\/v2\/product_tag?post=8799"}],"curies":[{"name":"wp","href":"https:\/\/api.w.org\/{rel}","templated":true}]}}