{"id":7911,"date":"2022-11-12T12:08:46","date_gmt":"2022-11-12T12:08:46","guid":{"rendered":"https:\/\/fatzorb.eu\/?post_type=product&#038;p=7911"},"modified":"2025-07-30T13:32:05","modified_gmt":"2025-07-30T13:32:05","slug":"fatzorb-slimming-capsules","status":"publish","type":"product","link":"https:\/\/fatzorb.eu\/de\/produkt\/fatzorb-slimming-capsules\/","title":{"rendered":"Fatzorb 36 Kapseln"},"content":{"rendered":"<p>Fatzorb-Kapseln enthalten 9 effektive Kr\u00e4uterextrakte zur Gewichtsabnahme und stellen ein ganzes System dar, das den K\u00f6rper ohne Zweifel zum Abnehmen zwingt. Es enth\u00e4lt Garcinia Cambogia Extrakt, eine gro\u00dfartige Pflanze, die die F\u00e4higkeit des K\u00f6rpers, Fett zu bilden, verhindert. Es enth\u00e4lt auch Fenchelsamenextrakt, der den Stoffwechsel ankurbelt und die Fettlagerung senkt. Fatzorb-Kapseln enthalten auch Spierstrau\u00df- und Schwarzteeblattextrakte, die das Verdauungssystem verbessern und beim Abnehmen helfen, den Glukose- und Cholesterinspiegel im Blut regulieren. Fatzorb enth\u00e4lt auch L\u00f6wenzahnwurzelextrakt, der das Wasser in unserem K\u00f6rper reduziert und auch das Verdauungssystem verbessert. Fatzorb-Kapseln enthalten Gr\u00fcner Kaffee-Extrakt, der bei der Mobilisierung von gespeichertem Fett und dessen Verbrennung als Energiequelle hilft und auch die k\u00f6rperliche Leistungsf\u00e4higkeit verbessert. Es enth\u00e4lt auch Kaktuswurzelextrakt, ein nat\u00fcrliches Fett bindendes Kraut. Kaktuswurzel verhindert, dass die meisten Nahrungsfette aufgenommen werden, was zu Gewichtsverlust f\u00fchrt. Fatzorb-Tabletten enthalten Hibiskusbl\u00fctenextrakt, die Pflanze enth\u00e4lt 4 Hauptkomponenten, die zusammen beim Abnehmen helfen (Organische S\u00e4uren, Anthocyane, Polysaccharide und Flavonoide). Sie helfen dem K\u00f6rper, den Stoffwechsel auszugleichen und zu regulieren, was den Gewichtsverlustprozess viel einfacher macht und es Ihnen erm\u00f6glicht, Ihr Ziel zu erreichen. Die letzte Komponente ist der Eschenblattextrakt, der bei Verstopfung (insbesondere bei harten Di\u00e4ten) hilft und ein sehr kraftvolles Tonikum ist, das den K\u00f6rper w\u00e4hrend des Abnehmprozesses energetisiert.<\/p>\n<p class=\" translation-block\">Dosierung: Als Nahrungserg\u00e4nzungsmittel: Nehmen Sie t\u00e4glich 1 Kapsel, eine halbe Stunde vor dem Fr\u00fchst\u00fcck ein.<\/p>\n<p class=\" translation-block\">Inhaltsstoffe von Fatzorb Kapseln: Garcinia Cambogia-Extrakt, Eschenblatt-Extrakt, Fenchelsamen-Extrakt, Wiesenk\u00f6nigin-Extrakt, Schwarzer Teeblatt-Extrakt, L\u00f6wenzahnwurzel-Extrakt, Gr\u00fcner Kaffee-Extrakt, Kaktuswurzel-Extrakt, Hibiskusbl\u00fcten-Extrakt.<\/p>","protected":false},"excerpt":{"rendered":"<div>100% nat\u00fcrliches Produkt\nNat\u00fcrlicher Fett- und Kohlenhydratbinder\nProdukt aus Frankreich\n\nVerlieren Sie bis zu 2 kg pro Woche.<\/div>","protected":false},"featured_media":8784,"comment_status":"open","ping_status":"closed","template":"","meta":{"om_disable_all_campaigns":false,"inline_featured_image":false,"_mi_skip_tracking":false},"product_cat":[15],"product_tag":[],"class_list":["post-7911","product","type-product","status-publish","has-post-thumbnail","hentry","product_cat-weight-loss"],"aioseo_notices":[],"_links":{"self":[{"href":"https:\/\/fatzorb.eu\/de\/wp-json\/wp\/v3\/product\/7911"}],"collection":[{"href":"https:\/\/fatzorb.eu\/de\/wp-json\/wp\/v3\/product"}],"about":[{"href":"https:\/\/fatzorb.eu\/de\/wp-json\/wp\/v2\/types\/product"}],"replies":[{"embeddable":true,"href":"https:\/\/fatzorb.eu\/de\/wp-json\/wp\/v2\/comments?post=7911"}],"version-history":[{"count":8,"href":"https:\/\/fatzorb.eu\/de\/wp-json\/wp\/v3\/product\/7911\/revisions"}],"predecessor-version":[{"id":8212,"href":"https:\/\/fatzorb.eu\/de\/wp-json\/wp\/v3\/product\/7911\/revisions\/8212"}],"wp:featuredmedia":[{"embeddable":true,"href":"https:\/\/fatzorb.eu\/de\/wp-json\/wp\/v2\/media\/8784"}],"wp:attachment":[{"href":"https:\/\/fatzorb.eu\/de\/wp-json\/wp\/v2\/media?parent=7911"}],"wp:term":[{"taxonomy":"product_cat","embeddable":true,"href":"https:\/\/fatzorb.eu\/de\/wp-json\/wp\/v2\/product_cat?post=7911"},{"taxonomy":"product_tag","embeddable":true,"href":"https:\/\/fatzorb.eu\/de\/wp-json\/wp\/v2\/product_tag?post=7911"}],"curies":[{"name":"wp","href":"https:\/\/api.w.org\/{rel}","templated":true}]}}